{"id":16980,"date":"2026-03-29T18:55:01","date_gmt":"2026-03-29T16:55:01","guid":{"rendered":"https:\/\/dab.expert\/?page_id=16980"},"modified":"2026-05-07T18:56:31","modified_gmt":"2026-05-07T16:56:31","slug":"impressum","status":"publish","type":"page","link":"https:\/\/dab.expert\/en\/impressum\/","title":{"rendered":"<center>Imprint<\/center>"},"content":{"rendered":"<div data-elementor-type=\"wp-page\" data-elementor-id=\"16980\" class=\"elementor elementor-16980\">\n\t\t\t\t<div class=\"elementor-element elementor-element-4fc3bdf2 e-flex e-con-boxed e-con e-parent\" data-id=\"4fc3bdf2\" data-element_type=\"container\" data-e-type=\"container\">\n\t\t\t\t\t<div class=\"e-con-inner\">\n\t\t\t\t<div class=\"elementor-element elementor-element-60a3602d elementor-widget elementor-widget-text-editor\" data-id=\"60a3602d\" data-element_type=\"widget\" data-e-type=\"widget\" data-widget_type=\"text-editor.default\">\n\t\t\t\t\t\t\t\t\t<div id=\"ed-286766594\" class=\"ed-element ed-text custom-theme\"><address><strong><span data-bind=\"customer.company\">DAB UG (Haftungsbeschr\u00e4nkt)<\/span><\/strong><\/address><p>Gesch\u00e4ftsf\u00fchrerin: Verena Sch\u00fcler<strong><br \/><\/strong><span contenteditable=\"false\" data-bind=\"customer.street\">Wasserweg 2<\/span><br \/><span contenteditable=\"false\" data-bind=\"customer.zip\">64521<\/span>\u00a0<span class=\"fr-deletable\" contenteditable=\"false\" data-bind=\"customer.city\">Gro\u00df-Gerau<\/span><\/p><p>Tel.:\u00a0<span data-bind=\"customer.phone\">+49 6152 8039801<\/span><br \/>E-Mail:\u00a0<a class=\"fr-deletable\" href=\"mailto:post@dab.expert\" data-bind=\"customer.email\">post@dab.expert<\/a><\/p><p>USt-IdNummer:\u00a0DE364372613<\/p><p>Amtsgericht Darmstadt: HRB105624<\/p><p><strong>Streitschlichtung<\/strong><\/p><p>Die Europ\u00e4ische Kommission stellt eine Plattform zur Online-Streitbeilegung (OS) bereit:\u00a0<a href=\"https:\/\/ec.europa.eu\/consumers\/odr\" target=\"_blank\" rel=\"noopener noreferrer\">https:\/\/ec.europa.eu\/consumers\/odr<\/a>.<br \/>Unsere E-Mail-Adresse finden Sie oben im Impressum.<\/p><p>Wir sind nicht bereit oder verpflichtet, an Streitbeilegungsverfahren vor einer Verbraucherschlichtungsstelle teilzunehmen.<\/p><p><strong>Haftung f\u00fcr Inhalte<\/strong><\/p><p>Als Diensteanbieter sind wir gem\u00e4\u00df \u00a7 7 Abs.1 TMG f\u00fcr eigene Inhalte auf diesen Seiten nach den allgemeinen Gesetzen verantwortlich. Nach \u00a7\u00a7 8 bis 10 TMG sind wir als Diensteanbieter jedoch nicht verpflichtet, \u00fcbermittelte oder gespeicherte fremde Informationen zu \u00fcberwachen oder nach Umst\u00e4nden zu forschen, die auf eine rechtswidrige T\u00e4tigkeit hinweisen.<\/p><p>Verpflichtungen zur Entfernung oder Sperrung der Nutzung von Informationen nach den allgemeinen Gesetzen bleiben hiervon unber\u00fchrt. Eine diesbez\u00fcgliche Haftung ist jedoch erst ab dem Zeitpunkt der Kenntnis einer konkreten Rechtsverletzung m\u00f6glich. Bei Bekanntwerden von entsprechenden Rechtsverletzungen werden wir diese Inhalte umgehend entfernen.<\/p><p><strong>Haftung f\u00fcr Links<\/strong><\/p><p>Unser Angebot enth\u00e4lt Links zu externen Websites Dritter, auf deren Inhalte wir keinen Einfluss haben. Deshalb k\u00f6nnen wir f\u00fcr diese fremden Inhalte auch keine Gew\u00e4hr \u00fcbernehmen. F\u00fcr die Inhalte der verlinkten Seiten ist stets der jeweilige Anbieter oder Betreiber der Seiten verantwortlich. Die verlinkten Seiten wurden zum Zeitpunkt der Verlinkung auf m\u00f6gliche Rechtsverst\u00f6\u00dfe \u00fcberpr\u00fcft. Rechtswidrige Inhalte waren zum Zeitpunkt der Verlinkung nicht erkennbar.\u00a0<\/p><p>Eine permanente inhaltliche Kontrolle der verlinkten Seiten ist jedoch ohne konkrete Anhaltspunkte einer Rechtsverletzung nicht zumutbar. Bei Bekanntwerden von Rechtsverletzungen werden wir derartige Links umgehend entfernt.<\/p><p><strong>Urheberrecht<\/strong><\/p><p>Die auf unserer Webseite ver\u00f6ffentlichen Inhalte und Werke unterliegen dem deutschen Urheberrecht (<a href=\"http:\/\/www.gesetze-im-internet.de\/bundesrecht\/urhg\/gesamt.pdf\" target=\"_blank\" rel=\"noopener noreferrer\" data-extlink=\"\">http:\/\/www.gesetze-im-internet.de\/bundesrecht\/urhg\/gesamt.pdf<\/a>) . Die Vervielf\u00e4ltigung, Bearbeitung, Verbreitung und jede Art der Verwertung des geistigen Eigentums in ideeller und materieller Sicht des Urhebers au\u00dferhalb der Grenzen des Urheberrechtes bed\u00fcrfen der vorherigen schriftlichen Zustimmung des jeweiligen Urhebers i.S.d. Urhebergesetzes (<a href=\"http:\/\/www.gesetze-im-internet.de\/bundesrecht\/urhg\/gesamt.pdf\" target=\"_blank\" rel=\"noopener noreferrer\" data-extlink=\"\">http:\/\/www.gesetze-im-internet.de\/bundesrecht\/urhg\/gesamt.pdf<\/a>\u00a0). Downloads und Kopien dieser Seite sind nur f\u00fcr den privaten und nicht kommerziellen Gebrauch erlaubt. Sind die Inhalte auf unserer Webseite nicht von uns erstellt wurden, sind die Urheberrechte Dritter zu beachten. Die Inhalte Dritter werden als solche kenntlich gemacht. Sollten Sie trotzdem auf eine Urheberrechtsverletzung aufmerksam werden, bitten wir um einen entsprechenden Hinweis. Bei Bekanntwerden von Rechtsverletzungen werden wir derartige Inhalte unverz\u00fcglich entfernen.<\/p><p><strong>Streitschlichtung<\/strong><\/p><p>Die Europ\u00e4ische Kommission stellt eine Plattform zur Online-Streitbeilegung (OS) bereit:\u00a0<a href=\"https:\/\/ec.europa.eu\/consumers\/odr\" target=\"_blank\" rel=\"noopener noreferrer\">https:\/\/ec.europa.eu\/consumers\/odr<\/a>.<br \/>Unsere E-Mail-Adresse finden Sie oben im Impressum.<\/p><p>Wir sind nicht bereit oder verpflichtet, an Streitbeilegungsverfahren vor einer Verbraucherschlichtungsstelle teilzunehmen.<\/p><p><strong>Haftung f\u00fcr Inhalte<\/strong><\/p><p>Als Diensteanbieter sind wir gem\u00e4\u00df \u00a7 7 Abs.1 TMG f\u00fcr eigene Inhalte auf diesen Seiten nach den allgemeinen Gesetzen verantwortlich. Nach \u00a7\u00a7 8 bis 10 TMG sind wir als Diensteanbieter jedoch nicht verpflichtet, \u00fcbermittelte oder gespeicherte fremde Informationen zu \u00fcberwachen oder nach Umst\u00e4nden zu forschen, die auf eine rechtswidrige T\u00e4tigkeit hinweisen.<\/p><p>Verpflichtungen zur Entfernung oder Sperrung der Nutzung von Informationen nach den allgemeinen Gesetzen bleiben hiervon unber\u00fchrt. Eine diesbez\u00fcgliche Haftung ist jedoch erst ab dem Zeitpunkt der Kenntnis einer konkreten Rechtsverletzung m\u00f6glich. Bei Bekanntwerden von entsprechenden Rechtsverletzungen werden wir diese Inhalte umgehend entfernen.<\/p><p><strong>Haftung f\u00fcr Links<\/strong><\/p><p>Unser Angebot enth\u00e4lt Links zu externen Websites Dritter, auf deren Inhalte wir keinen Einfluss haben. Deshalb k\u00f6nnen wir f\u00fcr diese fremden Inhalte auch keine Gew\u00e4hr \u00fcbernehmen. F\u00fcr die Inhalte der verlinkten Seiten ist stets der jeweilige Anbieter oder Betreiber der Seiten verantwortlich. Die verlinkten Seiten wurden zum Zeitpunkt der Verlinkung auf m\u00f6gliche Rechtsverst\u00f6\u00dfe \u00fcberpr\u00fcft. Rechtswidrige Inhalte waren zum Zeitpunkt der Verlinkung nicht erkennbar.\u00a0<\/p><p>Eine permanente inhaltliche Kontrolle der verlinkten Seiten ist jedoch ohne konkrete Anhaltspunkte einer Rechtsverletzung nicht zumutbar. Bei Bekanntwerden von Rechtsverletzungen werden wir derartige Links umgehend entfernt.<\/p><p><strong>Urheberrecht<\/strong><\/p><p>Die auf unserer Webseite ver\u00f6ffentlichen Inhalte und Werke unterliegen dem deutschen Urheberrecht (<a href=\"http:\/\/www.gesetze-im-internet.de\/bundesrecht\/urhg\/gesamt.pdf\" target=\"_blank\" rel=\"noopener noreferrer\" data-extlink=\"\">http:\/\/www.gesetze-im-internet.de\/bundesrecht\/urhg\/gesamt.pdf<\/a>) . Die Vervielf\u00e4ltigung, Bearbeitung, Verbreitung und jede Art der Verwertung des geistigen Eigentums in ideeller und materieller Sicht des Urhebers au\u00dferhalb der Grenzen des Urheberrechtes bed\u00fcrfen der vorherigen schriftlichen Zustimmung des jeweiligen Urhebers i.S.d. Urhebergesetzes (<a href=\"http:\/\/www.gesetze-im-internet.de\/bundesrecht\/urhg\/gesamt.pdf\" target=\"_blank\" rel=\"noopener noreferrer\" data-extlink=\"\">http:\/\/www.gesetze-im-internet.de\/bundesrecht\/urhg\/gesamt.pdf<\/a>\u00a0). Downloads und Kopien dieser Seite sind nur f\u00fcr den privaten und nicht kommerziellen Gebrauch erlaubt. Sind die Inhalte auf unserer Webseite nicht von uns erstellt wurden, sind die Urheberrechte Dritter zu beachten. Die Inhalte Dritter werden als solche kenntlich gemacht. Sollten Sie trotzdem auf eine Urheberrechtsverletzung aufmerksam werden, bitten wir um einen entsprechenden Hinweis. Bei Bekanntwerden von Rechtsverletzungen werden wir derartige Inhalte unverz\u00fcglich entfernen.<\/p><p><strong>Implementation<\/strong><\/p><p>Kangaroo IT (<a href=\"https:\/\/kangaroo-it.de\">https:\/\/kangaroo-it.de<\/a>)<br \/>Lukas Jozefaciuk<\/p><\/div>\t\t\t\t\t\t\t\t<\/div>\n\t\t\t\t\t<\/div>\n\t\t\t\t<\/div>\n\t\t\t\t<\/div>","protected":false},"excerpt":{"rendered":"<p>DAB UG (Haftungsbeschr\u00e4nkt) Gesch\u00e4ftsf\u00fchrerin: Verena Sch\u00fclerWasserweg 264521\u00a0Gro\u00df-Gerau Tel.:\u00a0+49 6152 8039801E-Mail:\u00a0post@dab.expert USt-IdNummer:\u00a0DE364372613 Amtsgericht Darmstadt: HRB105624 Streitschlichtung Die Europ\u00e4ische Kommission stellt eine Plattform zur Online-Streitbeilegung (OS) bereit:\u00a0https:\/\/ec.europa.eu\/consumers\/odr.Unsere E-Mail-Adresse finden Sie oben im Impressum. Wir sind nicht bereit oder verpflichtet, an Streitbeilegungsverfahren vor einer Verbraucherschlichtungsstelle teilzunehmen. Haftung f\u00fcr Inhalte Als Diensteanbieter sind wir gem\u00e4\u00df \u00a7 7 Abs.1 TMG [&hellip;]<\/p>\n","protected":false},"author":1,"featured_media":0,"parent":0,"menu_order":0,"comment_status":"closed","ping_status":"closed","template":"","meta":{"pgc_sgb_lightbox_settings":"","footnotes":""},"class_list":["post-16980","page","type-page","status-publish","hentry"],"yoast_head":"<!-- This site is optimized with the Yoast SEO plugin v27.5 - https:\/\/yoast.com\/product\/yoast-seo-wordpress\/ -->\n<title>Impressum - DAB - Abbruch, Asbestsanierung &amp; Bausanierung in Gro\u00df-Gerau Sanierung DAB UG Bau Demontage Fliesenarbeit<\/title>\n<meta name=\"description\" content=\"Impressum von DAB Expert \u2013 Angaben gem\u00e4\u00df \u00a7 5 TMG, Kontaktinformationen sowie rechtliche Hinweise zur Website dab.expert\" \/>\n<meta name=\"robots\" content=\"index, follow, max-snippet:-1, max-image-preview:large, max-video-preview:-1\" \/>\n<link rel=\"canonical\" href=\"https:\/\/dab.expert\/en\/impressum\/\" \/>\n<meta property=\"og:locale\" content=\"en_GB\" \/>\n<meta property=\"og:type\" content=\"article\" \/>\n<meta property=\"og:title\" content=\"Impressum - DAB - Abbruch, Asbestsanierung &amp; Bausanierung in Gro\u00df-Gerau Sanierung DAB UG Bau Demontage Fliesenarbeit\" \/>\n<meta property=\"og:description\" content=\"Impressum von DAB Expert \u2013 Angaben gem\u00e4\u00df \u00a7 5 TMG, Kontaktinformationen sowie rechtliche Hinweise zur Website dab.expert\" \/>\n<meta property=\"og:url\" content=\"https:\/\/dab.expert\/en\/impressum\/\" \/>\n<meta property=\"og:site_name\" content=\"DAB - Abbruch, Asbestsanierung &amp; Bausanierung in Gro\u00df-Gerau\" \/>\n<meta property=\"article:modified_time\" content=\"2026-05-07T16:56:31+00:00\" \/>\n<meta name=\"twitter:card\" content=\"summary_large_image\" \/>\n<meta name=\"twitter:label1\" content=\"Estimated reading time\" \/>\n\t<meta name=\"twitter:data1\" content=\"4 minutes\" \/>\n<script type=\"application\/ld+json\" class=\"yoast-schema-graph\">{\"@context\":\"https:\\\/\\\/schema.org\",\"@graph\":[{\"@type\":\"WebPage\",\"@id\":\"https:\\\/\\\/dab.expert\\\/impressum\\\/\",\"url\":\"https:\\\/\\\/dab.expert\\\/impressum\\\/\",\"name\":\"Impressum - DAB - Abbruch, Asbestsanierung &amp; Bausanierung in Gro\u00df-Gerau Sanierung DAB UG Bau Demontage Fliesenarbeit\",\"isPartOf\":{\"@id\":\"https:\\\/\\\/dab.expert\\\/#website\"},\"datePublished\":\"2026-03-29T16:55:01+00:00\",\"dateModified\":\"2026-05-07T16:56:31+00:00\",\"description\":\"Impressum von DAB Expert \u2013 Angaben gem\u00e4\u00df \u00a7 5 TMG, Kontaktinformationen sowie rechtliche Hinweise zur Website dab.expert\",\"breadcrumb\":{\"@id\":\"https:\\\/\\\/dab.expert\\\/impressum\\\/#breadcrumb\"},\"inLanguage\":\"en-GB\",\"potentialAction\":[{\"@type\":\"ReadAction\",\"target\":[\"https:\\\/\\\/dab.expert\\\/impressum\\\/\"]}]},{\"@type\":\"BreadcrumbList\",\"@id\":\"https:\\\/\\\/dab.expert\\\/impressum\\\/#breadcrumb\",\"itemListElement\":[{\"@type\":\"ListItem\",\"position\":1,\"name\":\"Start\",\"item\":\"https:\\\/\\\/dab.expert\\\/\"},{\"@type\":\"ListItem\",\"position\":2,\"name\":\"Impressum\"}]},{\"@type\":\"WebSite\",\"@id\":\"https:\\\/\\\/dab.expert\\\/#website\",\"url\":\"https:\\\/\\\/dab.expert\\\/\",\"name\":\"DAB - Abbruch von Geb\u00e4uden, Sanierung von Geb\u00e4uden, DAB UG, Bauunternehmen, Demontage, Fliesenarbeiten, Asbestentsorgung, Pflasterarbeiten, Altlastsanierung, Industriedemontage, Abbruchdienstleistungen, Geb\u00e4udeabbruch, Abrissarbeiten\",\"description\":\"\",\"potentialAction\":[{\"@type\":\"SearchAction\",\"target\":{\"@type\":\"EntryPoint\",\"urlTemplate\":\"https:\\\/\\\/dab.expert\\\/?s={search_term_string}\"},\"query-input\":{\"@type\":\"PropertyValueSpecification\",\"valueRequired\":true,\"valueName\":\"search_term_string\"}}],\"inLanguage\":\"en-GB\"}]}<\/script>\n<!-- \/ Yoast SEO plugin. -->","yoast_head_json":{"title":"Impressum - DAB - Abbruch, Asbestsanierung &amp; Bausanierung in Gro\u00df-Gerau Sanierung DAB UG Bau Demontage Fliesenarbeit","description":"Impressum von DAB Expert \u2013 Angaben gem\u00e4\u00df \u00a7 5 TMG, Kontaktinformationen sowie rechtliche Hinweise zur Website dab.expert","robots":{"index":"index","follow":"follow","max-snippet":"max-snippet:-1","max-image-preview":"max-image-preview:large","max-video-preview":"max-video-preview:-1"},"canonical":"https:\/\/dab.expert\/en\/impressum\/","og_locale":"en_GB","og_type":"article","og_title":"Impressum - DAB - Abbruch, Asbestsanierung &amp; Bausanierung in Gro\u00df-Gerau Sanierung DAB UG Bau Demontage Fliesenarbeit","og_description":"Impressum von DAB Expert \u2013 Angaben gem\u00e4\u00df \u00a7 5 TMG, Kontaktinformationen sowie rechtliche Hinweise zur Website dab.expert","og_url":"https:\/\/dab.expert\/en\/impressum\/","og_site_name":"DAB - Abbruch, Asbestsanierung &amp; Bausanierung in Gro\u00df-Gerau","article_modified_time":"2026-05-07T16:56:31+00:00","twitter_card":"summary_large_image","twitter_misc":{"Estimated reading time":"4 minutes"},"schema":{"@context":"https:\/\/schema.org","@graph":[{"@type":"WebPage","@id":"https:\/\/dab.expert\/impressum\/","url":"https:\/\/dab.expert\/impressum\/","name":"Impressum - DAB - Abbruch, Asbestsanierung &amp; Bausanierung in Gro\u00df-Gerau Sanierung DAB UG Bau Demontage Fliesenarbeit","isPartOf":{"@id":"https:\/\/dab.expert\/#website"},"datePublished":"2026-03-29T16:55:01+00:00","dateModified":"2026-05-07T16:56:31+00:00","description":"Impressum von DAB Expert \u2013 Angaben gem\u00e4\u00df \u00a7 5 TMG, Kontaktinformationen sowie rechtliche Hinweise zur Website dab.expert","breadcrumb":{"@id":"https:\/\/dab.expert\/impressum\/#breadcrumb"},"inLanguage":"en-GB","potentialAction":[{"@type":"ReadAction","target":["https:\/\/dab.expert\/impressum\/"]}]},{"@type":"BreadcrumbList","@id":"https:\/\/dab.expert\/impressum\/#breadcrumb","itemListElement":[{"@type":"ListItem","position":1,"name":"Start","item":"https:\/\/dab.expert\/"},{"@type":"ListItem","position":2,"name":"Impressum"}]},{"@type":"WebSite","@id":"https:\/\/dab.expert\/#website","url":"https:\/\/dab.expert\/","name":"DAB - Abbruch von Geb\u00e4uden, Sanierung von Geb\u00e4uden, DAB UG, Bauunternehmen, Demontage, Fliesenarbeiten, Asbestentsorgung, Pflasterarbeiten, Altlastsanierung, Industriedemontage, Abbruchdienstleistungen, Geb\u00e4udeabbruch, Abrissarbeiten","description":"","potentialAction":[{"@type":"SearchAction","target":{"@type":"EntryPoint","urlTemplate":"https:\/\/dab.expert\/?s={search_term_string}"},"query-input":{"@type":"PropertyValueSpecification","valueRequired":true,"valueName":"search_term_string"}}],"inLanguage":"en-GB"}]}},"_links":{"self":[{"href":"https:\/\/dab.expert\/en\/wp-json\/wp\/v2\/pages\/16980","targetHints":{"allow":["GET"]}}],"collection":[{"href":"https:\/\/dab.expert\/en\/wp-json\/wp\/v2\/pages"}],"about":[{"href":"https:\/\/dab.expert\/en\/wp-json\/wp\/v2\/types\/page"}],"author":[{"embeddable":true,"href":"https:\/\/dab.expert\/en\/wp-json\/wp\/v2\/users\/1"}],"replies":[{"embeddable":true,"href":"https:\/\/dab.expert\/en\/wp-json\/wp\/v2\/comments?post=16980"}],"version-history":[{"count":18,"href":"https:\/\/dab.expert\/en\/wp-json\/wp\/v2\/pages\/16980\/revisions"}],"predecessor-version":[{"id":18020,"href":"https:\/\/dab.expert\/en\/wp-json\/wp\/v2\/pages\/16980\/revisions\/18020"}],"wp:attachment":[{"href":"https:\/\/dab.expert\/en\/wp-json\/wp\/v2\/media?parent=16980"}],"curies":[{"name":"wp","href":"https:\/\/api.w.org\/{rel}","templated":true}]}}