{"id":1496,"date":"2020-10-22T04:53:43","date_gmt":"2020-10-22T04:53:43","guid":{"rendered":"http:\/\/wp.dreamitsolution.net\/itsoft\/?page_id=1496"},"modified":"2026-05-07T18:59:24","modified_gmt":"2026-05-07T16:59:24","slug":"blog","status":"publish","type":"page","link":"https:\/\/dab.expert\/en\/blog\/","title":{"rendered":"Blog"},"content":{"rendered":"","protected":false},"excerpt":{"rendered":"","protected":false},"author":1,"featured_media":0,"parent":0,"menu_order":0,"comment_status":"closed","ping_status":"closed","template":"page-templates\/template-blog-2column.php","meta":{"pgc_sgb_lightbox_settings":"","footnotes":""},"class_list":["post-1496","page","type-page","status-publish","hentry"],"yoast_head":"<!-- This site is optimized with the Yoast SEO plugin v27.5 - https:\/\/yoast.com\/product\/yoast-seo-wordpress\/ -->\n<title>Blog - DAB - Abbruch, Asbestsanierung &amp; Bausanierung in Gro\u00df-Gerau DAB UG Bau Demontage Sanierung<\/title>\n<meta name=\"description\" content=\"Aktuelle Beitr\u00e4ge rund um Abbrucharbeiten, Asbestsanierung, Geb\u00e4udesanierung, Nachhaltigkeit im Bau und moderne Bauverfahren von DAB UG\" \/>\n<meta name=\"robots\" content=\"index, follow, max-snippet:-1, max-image-preview:large, max-video-preview:-1\" \/>\n<link rel=\"canonical\" href=\"https:\/\/dab.expert\/en\/blog\/\" \/>\n<meta property=\"og:locale\" content=\"en_GB\" \/>\n<meta property=\"og:type\" content=\"article\" \/>\n<meta property=\"og:title\" content=\"Blog - DAB - Abbruch, Asbestsanierung &amp; Bausanierung in Gro\u00df-Gerau DAB UG Bau Demontage Sanierung\" \/>\n<meta property=\"og:description\" content=\"Aktuelle Beitr\u00e4ge rund um Abbrucharbeiten, Asbestsanierung, Geb\u00e4udesanierung, Nachhaltigkeit im Bau und moderne Bauverfahren von DAB UG\" \/>\n<meta property=\"og:url\" content=\"https:\/\/dab.expert\/en\/blog\/\" \/>\n<meta property=\"og:site_name\" content=\"DAB - Abbruch, Asbestsanierung &amp; Bausanierung in Gro\u00df-Gerau\" \/>\n<meta property=\"article:modified_time\" content=\"2026-05-07T16:59:24+00:00\" \/>\n<meta name=\"twitter:card\" content=\"summary_large_image\" \/>\n<script type=\"application\/ld+json\" class=\"yoast-schema-graph\">{\"@context\":\"https:\\\/\\\/schema.org\",\"@graph\":[{\"@type\":\"WebPage\",\"@id\":\"https:\\\/\\\/dab.expert\\\/blog\\\/\",\"url\":\"https:\\\/\\\/dab.expert\\\/blog\\\/\",\"name\":\"Blog - DAB - Abbruch, Asbestsanierung &amp; Bausanierung in Gro\u00df-Gerau DAB UG Bau Demontage Sanierung\",\"isPartOf\":{\"@id\":\"https:\\\/\\\/dab.expert\\\/#website\"},\"datePublished\":\"2020-10-22T04:53:43+00:00\",\"dateModified\":\"2026-05-07T16:59:24+00:00\",\"description\":\"Aktuelle Beitr\u00e4ge rund um Abbrucharbeiten, Asbestsanierung, Geb\u00e4udesanierung, Nachhaltigkeit im Bau und moderne Bauverfahren von DAB UG\",\"breadcrumb\":{\"@id\":\"https:\\\/\\\/dab.expert\\\/blog\\\/#breadcrumb\"},\"inLanguage\":\"en-GB\",\"potentialAction\":[{\"@type\":\"ReadAction\",\"target\":[\"https:\\\/\\\/dab.expert\\\/blog\\\/\"]}]},{\"@type\":\"BreadcrumbList\",\"@id\":\"https:\\\/\\\/dab.expert\\\/blog\\\/#breadcrumb\",\"itemListElement\":[{\"@type\":\"ListItem\",\"position\":1,\"name\":\"Start\",\"item\":\"https:\\\/\\\/dab.expert\\\/\"},{\"@type\":\"ListItem\",\"position\":2,\"name\":\"Blog\"}]},{\"@type\":\"WebSite\",\"@id\":\"https:\\\/\\\/dab.expert\\\/#website\",\"url\":\"https:\\\/\\\/dab.expert\\\/\",\"name\":\"DAB - Abbruch von Geb\u00e4uden, Sanierung von Geb\u00e4uden, DAB UG, Bauunternehmen, Demontage, Fliesenarbeiten, Asbestentsorgung, Pflasterarbeiten, Altlastsanierung, Industriedemontage, Abbruchdienstleistungen, Geb\u00e4udeabbruch, Abrissarbeiten\",\"description\":\"\",\"potentialAction\":[{\"@type\":\"SearchAction\",\"target\":{\"@type\":\"EntryPoint\",\"urlTemplate\":\"https:\\\/\\\/dab.expert\\\/?s={search_term_string}\"},\"query-input\":{\"@type\":\"PropertyValueSpecification\",\"valueRequired\":true,\"valueName\":\"search_term_string\"}}],\"inLanguage\":\"en-GB\"}]}<\/script>\n<!-- \/ Yoast SEO plugin. -->","yoast_head_json":{"title":"Blog - DAB - Abbruch, Asbestsanierung &amp; Bausanierung in Gro\u00df-Gerau DAB UG Bau Demontage Sanierung","description":"Aktuelle Beitr\u00e4ge rund um Abbrucharbeiten, Asbestsanierung, Geb\u00e4udesanierung, Nachhaltigkeit im Bau und moderne Bauverfahren von DAB UG","robots":{"index":"index","follow":"follow","max-snippet":"max-snippet:-1","max-image-preview":"max-image-preview:large","max-video-preview":"max-video-preview:-1"},"canonical":"https:\/\/dab.expert\/en\/blog\/","og_locale":"en_GB","og_type":"article","og_title":"Blog - DAB - Abbruch, Asbestsanierung &amp; Bausanierung in Gro\u00df-Gerau DAB UG Bau Demontage Sanierung","og_description":"Aktuelle Beitr\u00e4ge rund um Abbrucharbeiten, Asbestsanierung, Geb\u00e4udesanierung, Nachhaltigkeit im Bau und moderne Bauverfahren von DAB UG","og_url":"https:\/\/dab.expert\/en\/blog\/","og_site_name":"DAB - Abbruch, Asbestsanierung &amp; Bausanierung in Gro\u00df-Gerau","article_modified_time":"2026-05-07T16:59:24+00:00","twitter_card":"summary_large_image","schema":{"@context":"https:\/\/schema.org","@graph":[{"@type":"WebPage","@id":"https:\/\/dab.expert\/blog\/","url":"https:\/\/dab.expert\/blog\/","name":"Blog - DAB - Abbruch, Asbestsanierung &amp; Bausanierung in Gro\u00df-Gerau DAB UG Bau Demontage Sanierung","isPartOf":{"@id":"https:\/\/dab.expert\/#website"},"datePublished":"2020-10-22T04:53:43+00:00","dateModified":"2026-05-07T16:59:24+00:00","description":"Aktuelle Beitr\u00e4ge rund um Abbrucharbeiten, Asbestsanierung, Geb\u00e4udesanierung, Nachhaltigkeit im Bau und moderne Bauverfahren von DAB UG","breadcrumb":{"@id":"https:\/\/dab.expert\/blog\/#breadcrumb"},"inLanguage":"en-GB","potentialAction":[{"@type":"ReadAction","target":["https:\/\/dab.expert\/blog\/"]}]},{"@type":"BreadcrumbList","@id":"https:\/\/dab.expert\/blog\/#breadcrumb","itemListElement":[{"@type":"ListItem","position":1,"name":"Start","item":"https:\/\/dab.expert\/"},{"@type":"ListItem","position":2,"name":"Blog"}]},{"@type":"WebSite","@id":"https:\/\/dab.expert\/#website","url":"https:\/\/dab.expert\/","name":"DAB - Abbruch von Geb\u00e4uden, Sanierung von Geb\u00e4uden, DAB UG, Bauunternehmen, Demontage, Fliesenarbeiten, Asbestentsorgung, Pflasterarbeiten, Altlastsanierung, Industriedemontage, Abbruchdienstleistungen, Geb\u00e4udeabbruch, Abrissarbeiten","description":"","potentialAction":[{"@type":"SearchAction","target":{"@type":"EntryPoint","urlTemplate":"https:\/\/dab.expert\/?s={search_term_string}"},"query-input":{"@type":"PropertyValueSpecification","valueRequired":true,"valueName":"search_term_string"}}],"inLanguage":"en-GB"}]}},"_links":{"self":[{"href":"https:\/\/dab.expert\/en\/wp-json\/wp\/v2\/pages\/1496","targetHints":{"allow":["GET"]}}],"collection":[{"href":"https:\/\/dab.expert\/en\/wp-json\/wp\/v2\/pages"}],"about":[{"href":"https:\/\/dab.expert\/en\/wp-json\/wp\/v2\/types\/page"}],"author":[{"embeddable":true,"href":"https:\/\/dab.expert\/en\/wp-json\/wp\/v2\/users\/1"}],"replies":[{"embeddable":true,"href":"https:\/\/dab.expert\/en\/wp-json\/wp\/v2\/comments?post=1496"}],"version-history":[{"count":1,"href":"https:\/\/dab.expert\/en\/wp-json\/wp\/v2\/pages\/1496\/revisions"}],"predecessor-version":[{"id":16828,"href":"https:\/\/dab.expert\/en\/wp-json\/wp\/v2\/pages\/1496\/revisions\/16828"}],"wp:attachment":[{"href":"https:\/\/dab.expert\/en\/wp-json\/wp\/v2\/media?parent=1496"}],"curies":[{"name":"wp","href":"https:\/\/api.w.org\/{rel}","templated":true}]}}